{"id":1162,"date":"2023-05-24T14:34:34","date_gmt":"2023-05-24T11:34:34","guid":{"rendered":"https:\/\/www.mertotomotivvolvo.com\/?page_id=1162"},"modified":"2023-05-24T14:34:34","modified_gmt":"2023-05-24T11:34:34","slug":"vizyonumuz","status":"publish","type":"page","link":"https:\/\/www.mertotomotivvolvo.com\/?page_id=1162","title":{"rendered":"Vizyonumuz"},"content":{"rendered":"\n<style type=\"text\/css\" data-created_by=\"avia_inline_auto\" id=\"style-css-av-li1miic7-56259e67453b6e3ee6aa66256b9e665f\">\n#top .av_textblock_section.av-li1miic7-56259e67453b6e3ee6aa66256b9e665f .avia_textblock{\ncolor:#0a0a0a;\n}\n<\/style>\n<section  class='av_textblock_section av-li1miic7-56259e67453b6e3ee6aa66256b9e665f '   itemscope=\"itemscope\" itemtype=\"https:\/\/schema.org\/CreativeWork\" ><div class='avia_textblock av_inherit_color'  itemprop=\"text\" ><div id=\"container\">\n<div class=\"content_holder\">\n<div class=\"content_second_background\">\n<div class=\"content_area clearfix\">\n<section class=\"content_block_background\">\n<section id=\"row-2282\" class=\"content_block clearfix\">\n<section id=\"post-2282\" class=\"content full post-2282 page type-page status-publish hentry\">\n<div class=\"row\">\n<p><strong>Giri\u015fimcilik, yenilik\u00e7ilik ve g\u00fcvenilirlik ile \u015fekillendirdi\u011fimiz i\u015f anlay\u0131\u015f\u0131m\u0131zla, odakland\u0131\u011f\u0131m\u0131z her alanda dokundu\u011fumuz her hayata s\u00fcrd\u00fcr\u00fclebilir de\u011ferler katmak<\/strong><\/p>\n<\/div>\n<\/section>\n<\/section>\n<\/section>\n<\/div>\n<\/div>\n<\/div>\n<\/div>\n<\/div><\/section>\n","protected":false},"excerpt":{"rendered":"","protected":false},"author":1,"featured_media":0,"parent":0,"menu_order":0,"comment_status":"closed","ping_status":"closed","template":"","meta":{"footnotes":""},"class_list":["post-1162","page","type-page","status-publish","hentry"],"_links":{"self":[{"href":"https:\/\/www.mertotomotivvolvo.com\/index.php?rest_route=\/wp\/v2\/pages\/1162","targetHints":{"allow":["GET"]}}],"collection":[{"href":"https:\/\/www.mertotomotivvolvo.com\/index.php?rest_route=\/wp\/v2\/pages"}],"about":[{"href":"https:\/\/www.mertotomotivvolvo.com\/index.php?rest_route=\/wp\/v2\/types\/page"}],"author":[{"embeddable":true,"href":"https:\/\/www.mertotomotivvolvo.com\/index.php?rest_route=\/wp\/v2\/users\/1"}],"replies":[{"embeddable":true,"href":"https:\/\/www.mertotomotivvolvo.com\/index.php?rest_route=%2Fwp%2Fv2%2Fcomments&post=1162"}],"version-history":[{"count":0,"href":"https:\/\/www.mertotomotivvolvo.com\/index.php?rest_route=\/wp\/v2\/pages\/1162\/revisions"}],"wp:attachment":[{"href":"https:\/\/www.mertotomotivvolvo.com\/index.php?rest_route=%2Fwp%2Fv2%2Fmedia&parent=1162"}],"curies":[{"name":"wp","href":"https:\/\/api.w.org\/{rel}","templated":true}]}}