{"id":1153,"date":"2023-05-24T14:22:56","date_gmt":"2023-05-24T11:22:56","guid":{"rendered":"https:\/\/www.mertotomotivvolvo.com\/?page_id=1153"},"modified":"2023-05-24T14:22:56","modified_gmt":"2023-05-24T11:22:56","slug":"misyonumuz","status":"publish","type":"page","link":"https:\/\/www.mertotomotivvolvo.com\/?page_id=1153","title":{"rendered":"Misyonumuz"},"content":{"rendered":"<section  class='av_textblock_section av-li1miic7-16d7deb5a67685a0e66dc686ec813530 '   itemscope=\"itemscope\" itemtype=\"https:\/\/schema.org\/CreativeWork\" ><div class='avia_textblock'  itemprop=\"text\" ><div id=\"container\">\n<div class=\"content_holder\">\n<div class=\"content_second_background\">\n<div class=\"content_area clearfix\">\n<section class=\"content_block_background\">\n<section id=\"row-2282\" class=\"content_block clearfix\">\n<section id=\"post-2282\" class=\"content full post-2282 page type-page status-publish hentry\">\n<div class=\"row\">\n<p><strong>\u0130nsanl\u0131k ve ekonomi i\u00e7in de\u011fer yaratan, \u00e7evreye ve rakiplerine sayg\u0131l\u0131, giri\u015fimci ve lider ruha sahip, uluslararas\u0131 d\u00fczeyde en ba\u015far\u0131l\u0131 gruplar aras\u0131nda yer almak; bu ama\u00e7 ile hareket ederken \u00fclkemizin ve faaliyet g\u00f6sterdi\u011fimiz co\u011frafyalar\u0131n zenginle\u015fmesine katk\u0131da bulunmak.<\/strong><\/p>\n<\/div>\n<\/section>\n<\/section>\n<\/section>\n<\/div>\n<\/div>\n<\/div>\n<\/div>\n<\/div><\/section>\n","protected":false},"excerpt":{"rendered":"","protected":false},"author":1,"featured_media":0,"parent":0,"menu_order":0,"comment_status":"closed","ping_status":"closed","template":"","meta":{"footnotes":""},"class_list":["post-1153","page","type-page","status-publish","hentry"],"_links":{"self":[{"href":"https:\/\/www.mertotomotivvolvo.com\/index.php?rest_route=\/wp\/v2\/pages\/1153","targetHints":{"allow":["GET"]}}],"collection":[{"href":"https:\/\/www.mertotomotivvolvo.com\/index.php?rest_route=\/wp\/v2\/pages"}],"about":[{"href":"https:\/\/www.mertotomotivvolvo.com\/index.php?rest_route=\/wp\/v2\/types\/page"}],"author":[{"embeddable":true,"href":"https:\/\/www.mertotomotivvolvo.com\/index.php?rest_route=\/wp\/v2\/users\/1"}],"replies":[{"embeddable":true,"href":"https:\/\/www.mertotomotivvolvo.com\/index.php?rest_route=%2Fwp%2Fv2%2Fcomments&post=1153"}],"version-history":[{"count":0,"href":"https:\/\/www.mertotomotivvolvo.com\/index.php?rest_route=\/wp\/v2\/pages\/1153\/revisions"}],"wp:attachment":[{"href":"https:\/\/www.mertotomotivvolvo.com\/index.php?rest_route=%2Fwp%2Fv2%2Fmedia&parent=1153"}],"curies":[{"name":"wp","href":"https:\/\/api.w.org\/{rel}","templated":true}]}}