{"id":1145,"date":"2016-07-15T14:19:56","date_gmt":"2016-07-15T14:19:56","guid":{"rendered":"http:\/\/test.kriesi.at\/enfold-medical\/?page_id=954"},"modified":"2023-12-01T06:01:59","modified_gmt":"2023-12-01T06:01:59","slug":"iletisim","status":"publish","type":"page","link":"https:\/\/www.mertotomotivvolvo.com\/?page_id=1145","title":{"rendered":"\u0130leti\u015fim"},"content":{"rendered":"<div  class='flex_column av-ljtqy-e386fa23216a00f8ee87b3007fccac2b av_one_half  avia-builder-el-0  el_before_av_one_half  avia-builder-el-first  first flex_column_div  '     ><style type=\"text\/css\" data-created_by=\"avia_inline_auto\" id=\"style-css-av-hrf96-0f37587e189512492dba083dcdc44acd\">\n#top .av_textblock_section.av-hrf96-0f37587e189512492dba083dcdc44acd .avia_textblock{\ncolor:#0a0a0a;\n}\n<\/style>\n<section  class='av_textblock_section av-hrf96-0f37587e189512492dba083dcdc44acd '   itemscope=\"itemscope\" itemtype=\"https:\/\/schema.org\/CreativeWork\" ><div class='avia_textblock av_inherit_color'  itemprop=\"text\" ><div class=\"av-special-heading av-kcaib34m-faf5165480ca3fa53e3d8cda97db3d58 av-special-heading-h3 blockquote modern-quote avia-builder-el-3 el_before_av_textblock avia-builder-el-first \">\n<h3 class=\"av-special-heading-tag\">MERT OTOMOT\u0130V SANAY\u0130 VE T\u0130CARET ADEM T\u00dcRKMEN<\/h3>\n<\/div>\n<section class=\"av_textblock_section av-34hlm4-41de12646bf66593db9ce4d7c27fb4a4\">\n<div class=\"avia_textblock\">\n<div class=\"flex_column av_one_half av-animated-generic bottom-to-top flex_column_div av-zero-column-padding first avia-builder-el-15 el_after_av_one_fifth el_before_av_one_half column-top-margin avia_start_animation avia_start_delayed_animation\">\n<section class=\"av_textblock_section \">\n<div class=\"avia_textblock \">\n<p><strong>\u0130.O.S.B. DOLAPDERE SANAY\u0130 S\u0130TES\u0130<\/strong><br \/>\n<strong>19.ADA NO:5 \u0130K\u0130TELL\u0130-BA\u015eAK\u015eEH\u0130R-\u0130STANBUL<\/strong><br \/>\n<strong>TEL: 0 212 494 48 66<\/strong><br \/>\n<strong>0 212 494 48 69<\/strong><br \/>\n<strong>Gsm: 0533 399 31 48<\/strong><br \/>\n<strong>EMA\u0130L: info@mertotomotivvolvo.com<\/strong><\/p>\n<\/div>\n<\/section>\n<\/div>\n<div class=\"flex_column av_one_half av-animated-generic bottom-to-top flex_column_div av-zero-column-padding avia-builder-el-17 el_after_av_one_half avia-builder-el-last column-top-margin avia_start_animation avia_start_delayed_animation\">\n<section class=\"av_textblock_section \">\n<div class=\"avia_textblock \">\n<p><strong>\u015eUBE: KEMALPA\u015eA MH. 7419\/11 SK.<\/strong><br \/>\n<strong>N0:50\/A 5.SAN. S\u0130T. BORNOVA \/\u0130ZM\u0130R<\/strong><br \/>\n<strong>Tel: 0232 479 30 55<\/strong><br \/>\n<strong>Gsm: 0533 580 79 19<br \/>\n<\/strong><strong>Gsm: 0505 690 76 77<\/strong><\/p>\n<\/div>\n<\/section>\n<\/div>\n<\/div>\n<\/section>\n<\/div><\/section><\/div>\n<div  class='flex_column av-555e-90931b677108fab202ecd36c8cc44d3e av_one_half  avia-builder-el-2  el_after_av_one_half  el_before_av_one_full  flex_column_div  '     ><section  class='av_textblock_section av-li1l531v-70d2dff1e4f03b3200efdb7e5f699d95 '   itemscope=\"itemscope\" itemtype=\"https:\/\/schema.org\/CreativeWork\" ><div class='avia_textblock'  itemprop=\"text\" ><p><iframe loading=\"lazy\" style=\"border: 0;\" src=\"https:\/\/www.google.com\/maps\/embed?pb=!1m14!1m8!1m3!1d12031.212501197986!2d28.8095815!3d41.0732959!3m2!1i1024!2i768!4f13.1!3m3!1m2!1s0x14caa581383d19d7%3A0xcc4109502b1a828e!2sMert%20Otomotiv%20Sanayi%20Ve%20Ticaret%20AdemT%C3%9CRKMEN!5e0!3m2!1str!2str!4v1684925166453!5m2!1str!2str\" width=\"800\" height=\"500\" allowfullscreen=\"allowfullscreen\"><\/iframe><\/p>\n<\/div><\/section><\/div>\n<div  class='flex_column av-9mq7u-2bb5bd1833ad79885d9330cdfdf9e791 av_one_full  avia-builder-el-4  el_after_av_one_half  avia-builder-el-last  first flex_column_div  column-top-margin'     ><form action=\"https:\/\/www.mertotomotivvolvo.com\/?page_id=1145\" method=\"post\" data-fields-with-error=\"Found errors in the following field(s):\" class=\"avia_ajax_form av-form-labels-hidden   avia-builder-el-5  avia-builder-el-no-sibling   \" data-avia-form-id=\"1\" data-avia-redirect='' ><h3 class=''>\u0130leti\u015fim Formu<\/h3><fieldset><p class='  first_form  form_element form_element_half' id='element_avia_1_1'><label for=\"avia_1_1\">\u0130sim Soyisim <abbr class=\"required\" title=\"Zorunlu\">*<\/abbr><\/label> <input name=\"avia_1_1\" class=\"text_input is_empty\" type=\"text\" id=\"avia_1_1\" value=\"\"  placeholder='\u0130sim Soyisim*'\/><\/p><p class='  form_element form_element_half' id='element_avia_2_1'><label for=\"avia_2_1\">E-Posta<\/label> <input name=\"avia_2_1\" class=\"text_input \" type=\"text\" id=\"avia_2_1\" value=\"\"  placeholder='E-Posta'\/><\/p><p class='  first_form  form_element form_fullwidth' id='element_avia_3_1'><label for=\"avia_3_1\">Konu <abbr class=\"required\" title=\"Zorunlu\">*<\/abbr><\/label> <input name=\"avia_3_1\" class=\"text_input is_empty\" type=\"text\" id=\"avia_3_1\" value=\"\"  placeholder='Konu*'\/><\/p><p class='  first_form  form_element form_fullwidth' id='element_avia_4_1'><label for=\"avia_4_1\" class=\"textare_label hidden textare_label_avia_4_1\">Mesaj\u0131n\u0131z <abbr class=\"required\" title=\"Zorunlu\">*<\/abbr><\/label><textarea  placeholder='Mesaj\u0131n\u0131z*' name=\"avia_4_1\" class=\"text_area is_empty\" cols=\"40\" rows=\"7\" id=\"avia_4_1\" ><\/textarea><\/p><p class=\"hidden\"><input type=\"text\" name=\"avia_5_1\" class=\"hidden \" id=\"avia_5_1\" value=\"\" \/><\/p><p class='   form_element form_fullwidth' id='element_avia_6_1'><span class='value_verifier_label'>0 + 4 = ?<\/span><input name=\"avia_6_1_verifier\" type=\"hidden\" id=\"avia_6_1_verifier\" value=\"275144314\"\/><label for=\"avia_6_1\">L\u00fctfen denklemi \u00e7\u00f6zerek insan oldu\u011funuzu kan\u0131tlay\u0131n\u0131z <abbr class=\"required\" title=\"Zorunlu\">*<\/abbr><\/label><input name=\"avia_6_1\" class=\"text_input captcha\" type=\"text\" id=\"avia_6_1\" value=\"\"\/><\/p><p class=\"form_element \"><input type=\"hidden\" value=\"1\" name=\"avia_generated_form1\" \/><input type=\"submit\" value=\"G\u00f6nder\" class=\"button\"  data-sending-label=\"G\u00f6nderiliyor\"\/><\/p><\/fieldset><\/form><div id=\"ajaxresponse_1\" class=\"ajaxresponse ajaxresponse_1 hidden\"><\/div><\/div>\n","protected":false},"excerpt":{"rendered":"","protected":false},"author":1,"featured_media":0,"parent":0,"menu_order":0,"comment_status":"closed","ping_status":"closed","template":"","meta":{"footnotes":""},"class_list":["post-1145","page","type-page","status-publish","hentry"],"_links":{"self":[{"href":"https:\/\/www.mertotomotivvolvo.com\/index.php?rest_route=\/wp\/v2\/pages\/1145","targetHints":{"allow":["GET"]}}],"collection":[{"href":"https:\/\/www.mertotomotivvolvo.com\/index.php?rest_route=\/wp\/v2\/pages"}],"about":[{"href":"https:\/\/www.mertotomotivvolvo.com\/index.php?rest_route=\/wp\/v2\/types\/page"}],"author":[{"embeddable":true,"href":"https:\/\/www.mertotomotivvolvo.com\/index.php?rest_route=\/wp\/v2\/users\/1"}],"replies":[{"embeddable":true,"href":"https:\/\/www.mertotomotivvolvo.com\/index.php?rest_route=%2Fwp%2Fv2%2Fcomments&post=1145"}],"version-history":[{"count":2,"href":"https:\/\/www.mertotomotivvolvo.com\/index.php?rest_route=\/wp\/v2\/pages\/1145\/revisions"}],"predecessor-version":[{"id":1736,"href":"https:\/\/www.mertotomotivvolvo.com\/index.php?rest_route=\/wp\/v2\/pages\/1145\/revisions\/1736"}],"wp:attachment":[{"href":"https:\/\/www.mertotomotivvolvo.com\/index.php?rest_route=%2Fwp%2Fv2%2Fmedia&parent=1145"}],"curies":[{"name":"wp","href":"https:\/\/api.w.org\/{rel}","templated":true}]}}